{"id":20339,"date":"2023-01-02T10:21:19","date_gmt":"2023-01-02T09:21:19","guid":{"rendered":"https:\/\/museoolavide.aedv.es\/recuperacion-del-museo\/"},"modified":"2023-12-14T08:53:18","modified_gmt":"2023-12-14T07:53:18","slug":"recovery-of-the-museum","status":"publish","type":"page","link":"https:\/\/museoolavide.aedv.es\/en\/recovery-of-the-museum\/","title":{"rendered":"Recovery of the museum"},"content":{"rendered":"\t\t<div data-elementor-type=\"wp-page\" data-elementor-id=\"20339\" class=\"elementor elementor-20339 elementor-382\" data-elementor-post-type=\"page\">\n\t\t\t\t\t\t<section class=\"elementor-section elementor-top-section elementor-element elementor-element-e0f7d3b elementor-section-height-min-height elementor-section-boxed elementor-section-height-default elementor-section-items-middle\" data-id=\"e0f7d3b\" data-element_type=\"section\" data-e-type=\"section\" data-settings=\"{&quot;background_background&quot;:&quot;classic&quot;}\">\n\t\t\t\t\t\t\t<div class=\"elementor-background-overlay\"><\/div>\n\t\t\t\t\t\t\t<div class=\"elementor-container elementor-column-gap-default\">\n\t\t\t\t\t<div class=\"elementor-column elementor-col-100 elementor-top-column elementor-element elementor-element-0b351fe\" data-id=\"0b351fe\" data-element_type=\"column\" data-e-type=\"column\">\n\t\t\t<div class=\"elementor-widget-wrap elementor-element-populated\">\n\t\t\t\t\t\t<div class=\"elementor-element elementor-element-699a830 elementor-widget elementor-widget-heading\" data-id=\"699a830\" data-element_type=\"widget\" data-e-type=\"widget\" data-widget_type=\"heading.default\">\n\t\t\t\t<div class=\"elementor-widget-container\">\n\t\t\t\t\t<h1 class=\"elementor-heading-title elementor-size-default\">Recovery of the museum<\/h1>\t\t\t\t<\/div>\n\t\t\t\t<\/div>\n\t\t\t\t\t<\/div>\n\t\t<\/div>\n\t\t\t\t\t<\/div>\n\t\t<\/section>\n\t\t\t\t<section class=\"elementor-section elementor-top-section elementor-element elementor-element-82f1ef1 elementor-section-boxed elementor-section-height-default elementor-section-height-default\" data-id=\"82f1ef1\" data-element_type=\"section\" data-e-type=\"section\">\n\t\t\t\t\t\t<div class=\"elementor-container elementor-column-gap-default\">\n\t\t\t\t\t<div class=\"elementor-column elementor-col-50 elementor-top-column elementor-element elementor-element-e02d4ff\" data-id=\"e02d4ff\" data-element_type=\"column\" data-e-type=\"column\">\n\t\t\t<div class=\"elementor-widget-wrap elementor-element-populated\">\n\t\t\t\t\t\t<div class=\"elementor-element elementor-element-a234d78 elementor-invisible elementor-widget elementor-widget-heading\" data-id=\"a234d78\" data-element_type=\"widget\" data-e-type=\"widget\" data-settings=\"{&quot;_animation&quot;:&quot;fadeInLeft&quot;}\" data-widget_type=\"heading.default\">\n\t\t\t\t<div class=\"elementor-widget-container\">\n\t\t\t\t\t<h2 class=\"elementor-heading-title elementor-size-default\">The museum once had a collection of about 1,500 figures.\n<\/h2>\t\t\t\t<\/div>\n\t\t\t\t<\/div>\n\t\t\t\t<div class=\"elementor-element elementor-element-4c2bc21 elementor-invisible elementor-widget elementor-widget-text-editor\" data-id=\"4c2bc21\" data-element_type=\"widget\" data-e-type=\"widget\" data-settings=\"{&quot;_animation&quot;:&quot;fadeIn&quot;}\" data-widget_type=\"text-editor.default\">\n\t\t\t\t<div class=\"elementor-widget-container\">\n\t\t\t\t\t\t\t\t\t<p>For a series of reasons, many of them fortuitous, there is no precise data before 1940, since much of the documentation disappeared on November 19th, 1936, when an aircraft bomb fell on the Provincial Council building. After the Civil War, the Olavide Museum continued its activity, although more weakened.<\/p><p>Until its closure, it was open to the public on Sundays.<\/p><p>The scant news about the closure of the Olavide Museum came to us from an article in the ABC newspaper, where journalist Pedro Crespo interviewed Rafael L\u00f3pez \u00c1lvarez, who was directing the packaging of the wax figures in boxes.<\/p><p>Between 1960 and its closure (at the end of 1967 or beginning of 1968), the museum slowly languished and its existence was almost unknown to dermatologists themselves, a period in which almost no reference was made to it. The investigation of this episode in our history became even more complicated when the San Juan de Dios Hospital was demolished and work began on building a public general hospital under the name Ciudad Sanitaria Francisco Franco, currently known as the Gregorio Mara\u00f1\u00f3n General University Hospital. Before the demolition, Rafael L\u00f3pez \u00c1lvaraz, the last wax-sculptor, was in charge of packing the models in more than 200 boxes, which would later be deposited at an unknown location.<\/p>\t\t\t\t\t\t\t\t<\/div>\n\t\t\t\t<\/div>\n\t\t\t\t\t<\/div>\n\t\t<\/div>\n\t\t\t\t<div class=\"elementor-column elementor-col-50 elementor-top-column elementor-element elementor-element-172d07f\" data-id=\"172d07f\" data-element_type=\"column\" data-e-type=\"column\">\n\t\t\t<div class=\"elementor-widget-wrap elementor-element-populated\">\n\t\t\t\t\t\t<div class=\"elementor-element elementor-element-1ced4c8 elementor-invisible elementor-widget elementor-widget-image\" data-id=\"1ced4c8\" data-element_type=\"widget\" data-e-type=\"widget\" data-settings=\"{&quot;_animation&quot;:&quot;fadeInRight&quot;}\" data-widget_type=\"image.default\">\n\t\t\t\t<div class=\"elementor-widget-container\">\n\t\t\t\t\t\t\t\t\t\t\t\t<figure class=\"wp-caption\">\n\t\t\t\t\t\t\t\t\t\t\t<a href=\"https:\/\/museoolavide.aedv.es\/wp-content\/uploads\/2023\/05\/Museo-antiguo.jpg\" data-elementor-open-lightbox=\"yes\" data-elementor-lightbox-title=\"Museo antiguo\" data-e-action-hash=\"#elementor-action%3Aaction%3Dlightbox%26settings%3DeyJpZCI6MTkyOTQsInVybCI6Imh0dHBzOlwvXC9tdXNlb29sYXZpZGUuYWVkdi5lc1wvd3AtY29udGVudFwvdXBsb2Fkc1wvMjAyM1wvMDVcL011c2VvLWFudGlndW8uanBnIn0%3D\">\n\t\t\t\t\t\t\t<img fetchpriority=\"high\" decoding=\"async\" width=\"800\" height=\"578\" src=\"https:\/\/museoolavide.aedv.es\/wp-content\/uploads\/2023\/05\/Museo-antiguo-1024x740.jpg\" class=\"attachment-large size-large wp-image-19294\" alt=\"\" srcset=\"https:\/\/museoolavide.aedv.es\/wp-content\/uploads\/2023\/05\/Museo-antiguo-1024x740.jpg 1024w, https:\/\/museoolavide.aedv.es\/wp-content\/uploads\/2023\/05\/Museo-antiguo-300x217.jpg 300w, https:\/\/museoolavide.aedv.es\/wp-content\/uploads\/2023\/05\/Museo-antiguo-768x555.jpg 768w, https:\/\/museoolavide.aedv.es\/wp-content\/uploads\/2023\/05\/Museo-antiguo.jpg 1427w\" sizes=\"(max-width: 800px) 100vw, 800px\" \/>\t\t\t\t\t\t\t\t<\/a>\n\t\t\t\t\t\t\t\t\t\t\t<figcaption class=\"widget-image-caption wp-caption-text\">Olavide Museum Room (1930. Photograph from the General Administration Archive)<\/figcaption>\n\t\t\t\t\t\t\t\t\t\t<\/figure>\n\t\t\t\t\t\t\t\t\t<\/div>\n\t\t\t\t<\/div>\n\t\t\t\t\t<\/div>\n\t\t<\/div>\n\t\t\t\t\t<\/div>\n\t\t<\/section>\n\t\t\t\t<section class=\"elementor-section elementor-top-section elementor-element elementor-element-0bea5cf elementor-section-boxed elementor-section-height-default elementor-section-height-default\" data-id=\"0bea5cf\" data-element_type=\"section\" data-e-type=\"section\" data-settings=\"{&quot;background_background&quot;:&quot;classic&quot;}\">\n\t\t\t\t\t\t<div class=\"elementor-container elementor-column-gap-default\">\n\t\t\t\t\t<div class=\"elementor-column elementor-col-50 elementor-top-column elementor-element elementor-element-bb407bf\" data-id=\"bb407bf\" data-element_type=\"column\" data-e-type=\"column\">\n\t\t\t<div class=\"elementor-widget-wrap elementor-element-populated\">\n\t\t\t\t\t\t<div class=\"elementor-element elementor-element-7e738c1 elementor-invisible elementor-widget elementor-widget-text-editor\" data-id=\"7e738c1\" data-element_type=\"widget\" data-e-type=\"widget\" data-settings=\"{&quot;_animation&quot;:&quot;fadeIn&quot;}\" data-widget_type=\"text-editor.default\">\n\t\t\t\t<div class=\"elementor-widget-container\">\n\t\t\t\t\t\t\t\t\t<p>There are reports and newspaper features that indicate that the museum once had a collection of about 1,500 figures, although it is not known if all of them were on display. In its last stage, only a selection of 300 works were exhibited.<\/p><p>From the moment the museum closed, the figures, along with their documentation, began a long pilgrimage to the present day. More than 4 different places can be documented where the Provincial Council, today known as the Health Ministry of the Community of Madrid, has been located, so the historical documentation of this collection is lost or dispersed and is extremely difficult to locate.<\/p><p>For more than 40 years these boxes remained practically abandoned, in an annex building of the Francisco Franco Hospital (current Gregorio Mara\u00f1\u00f3n Hospital) in the place corresponding to the old Ministry of Health that is adjacent to the old maternity hospital. It was a building in poor condition, which did not meet the appropriate conditions for the conservation of the moulages. With the construction of the new maternity hospital, the figures disappeared again.<\/p><p>At the end of the 80s, a request was made to the Community of Madrid to be able to portray some figures existing in the old San Juan de Dios Hospital, in order to carry out the thesis Contribuci\u00f3n al estudio de D. Jos\u00e9 Eugenio de Olavide y su obra (Contribution to the study of Jos\u00e9 Eugenio de Olavide and his work), by Jaime Jos\u00e9 Padr\u00f3n Lleo and directed by Prof. Joaqu\u00edn Calap Calatayud. Then, Carlos Gasca Ferr\u00e9, Head of the Heritage and General Affairs Health Service of Madrid, located the boxes stored in the offices of the Community of Madrid.<\/p><p>But it was not until December 2005 when the real discovery was made: more than 120 wooden boxes were found in the basements of the Ni\u00f1o Jes\u00fas Hospital, in some warehouses in poor condition that were going to be demolished.<\/p><p>From that moment on, the Spanish Academy of Dermatology and Venereology (AEDV) was in charge of launching the Rescue and Heritage Project to give new life to the Olavide Museum.<\/p>\t\t\t\t\t\t\t\t<\/div>\n\t\t\t\t<\/div>\n\t\t\t\t\t<\/div>\n\t\t<\/div>\n\t\t\t\t<div class=\"elementor-column elementor-col-50 elementor-top-column elementor-element elementor-element-20bf507\" data-id=\"20bf507\" data-element_type=\"column\" data-e-type=\"column\">\n\t\t\t<div class=\"elementor-widget-wrap elementor-element-populated\">\n\t\t\t\t\t\t<div class=\"elementor-element elementor-element-de6b1bd elementor-blockquote--skin-boxed elementor-widget elementor-widget-blockquote\" data-id=\"de6b1bd\" data-element_type=\"widget\" data-e-type=\"widget\" data-widget_type=\"blockquote.default\">\n\t\t\t\t<div class=\"elementor-widget-container\">\n\t\t\t\t\t\t\t<blockquote class=\"elementor-blockquote\">\n\t\t\t<p class=\"elementor-blockquote__content\">\n\t\t\t\t\"The location and restoration of the existing figures in the Olavide Museum has been a pending issue for dermatologists during the last 50 years. Many of us did not get to know this museum. Some, now retired, vaguely remember it as the place where they could see wax figures stored inside glass showcases; but we all knew, from what our teachers told us, of the existence of such a wonderful collection of wax models, with inestimable sentimental, historical and economic value.\"\n\t\t\t<\/p>\n\t\t\t\t\t\t\t<div class=\"e-q-footer\">\n\t\t\t\t\t\t\t\t\t\t\t<cite class=\"elementor-blockquote__author\">Luis Conde-Salazar. The Olavide Museum Director<\/cite>\n\t\t\t\t\t\t\t\t\t\t\t\t\t\t<\/div>\n\t\t\t\t\t<\/blockquote>\n\t\t\t\t\t\t<\/div>\n\t\t\t\t<\/div>\n\t\t\t\t<div class=\"elementor-element elementor-element-69e4a06 elementor-invisible elementor-widget elementor-widget-image\" data-id=\"69e4a06\" data-element_type=\"widget\" data-e-type=\"widget\" data-settings=\"{&quot;_animation&quot;:&quot;fadeInRight&quot;}\" data-widget_type=\"image.default\">\n\t\t\t\t<div class=\"elementor-widget-container\">\n\t\t\t\t\t\t\t\t\t\t\t\t<figure class=\"wp-caption\">\n\t\t\t\t\t\t\t\t\t\t\t<a href=\"https:\/\/museoolavide.aedv.es\/wp-content\/uploads\/2023\/05\/Cajas-recuperadas-scaled.jpg\" data-elementor-open-lightbox=\"yes\" data-elementor-lightbox-title=\"SONY DSC\" data-e-action-hash=\"#elementor-action%3Aaction%3Dlightbox%26settings%3DeyJpZCI6MTkyOTUsInVybCI6Imh0dHBzOlwvXC9tdXNlb29sYXZpZGUuYWVkdi5lc1wvd3AtY29udGVudFwvdXBsb2Fkc1wvMjAyM1wvMDVcL0NhamFzLXJlY3VwZXJhZGFzLXNjYWxlZC5qcGcifQ%3D%3D\">\n\t\t\t\t\t\t\t<img decoding=\"async\" width=\"800\" height=\"534\" src=\"https:\/\/museoolavide.aedv.es\/wp-content\/uploads\/2023\/05\/Cajas-recuperadas-1024x683.jpg\" class=\"attachment-large size-large wp-image-19295\" alt=\"\" srcset=\"https:\/\/museoolavide.aedv.es\/wp-content\/uploads\/2023\/05\/Cajas-recuperadas-1024x683.jpg 1024w, https:\/\/museoolavide.aedv.es\/wp-content\/uploads\/2023\/05\/Cajas-recuperadas-300x200.jpg 300w, https:\/\/museoolavide.aedv.es\/wp-content\/uploads\/2023\/05\/Cajas-recuperadas-768x512.jpg 768w, https:\/\/museoolavide.aedv.es\/wp-content\/uploads\/2023\/05\/Cajas-recuperadas-1536x1024.jpg 1536w, https:\/\/museoolavide.aedv.es\/wp-content\/uploads\/2023\/05\/Cajas-recuperadas-2048x1365.jpg 2048w\" sizes=\"(max-width: 800px) 100vw, 800px\" \/>\t\t\t\t\t\t\t\t<\/a>\n\t\t\t\t\t\t\t\t\t\t\t<figcaption class=\"widget-image-caption wp-caption-text\">Boxes recovered from the Olavide Museum<\/figcaption>\n\t\t\t\t\t\t\t\t\t\t<\/figure>\n\t\t\t\t\t\t\t\t\t<\/div>\n\t\t\t\t<\/div>\n\t\t\t\t\t<\/div>\n\t\t<\/div>\n\t\t\t\t\t<\/div>\n\t\t<\/section>\n\t\t\t\t<\/div>\n\t\t","protected":false},"excerpt":{"rendered":"<p>Recovery of the museum The museum once had a collection of about 1,500 figures. For a series of reasons, many of them fortuitous, there is no precise data before 1940, since much of the documentation disappeared on November 19th, 1936, when an aircraft bomb fell on the Provincial Council building. After the Civil War, the [&hellip;]<\/p>\n","protected":false},"author":1,"featured_media":0,"parent":0,"menu_order":0,"comment_status":"closed","ping_status":"closed","template":"","meta":{"footnotes":""},"class_list":["post-20339","page","type-page","status-publish","hentry"],"yoast_head":"<!-- This site is optimized with the Yoast SEO plugin v27.3 - https:\/\/yoast.com\/product\/yoast-seo-wordpress\/ -->\n<title>Recovery of the museum - Museo Olavide<\/title>\n<meta name=\"robots\" content=\"index, follow, max-snippet:-1, max-image-preview:large, max-video-preview:-1\" \/>\n<link rel=\"canonical\" href=\"https:\/\/museoolavide.aedv.es\/en\/recovery-of-the-museum\/\" \/>\n<meta property=\"og:locale\" content=\"en_US\" \/>\n<meta property=\"og:type\" content=\"article\" \/>\n<meta property=\"og:title\" content=\"Recovery of the museum - Museo Olavide\" \/>\n<meta property=\"og:description\" content=\"Recovery of the museum The museum once had a collection of about 1,500 figures. For a series of reasons, many of them fortuitous, there is no precise data before 1940, since much of the documentation disappeared on November 19th, 1936, when an aircraft bomb fell on the Provincial Council building. After the Civil War, the [&hellip;]\" \/>\n<meta property=\"og:url\" content=\"https:\/\/museoolavide.aedv.es\/en\/recovery-of-the-museum\/\" \/>\n<meta property=\"og:site_name\" content=\"Museo Olavide\" \/>\n<meta property=\"article:modified_time\" content=\"2023-12-14T07:53:18+00:00\" \/>\n<meta property=\"og:image\" content=\"https:\/\/museoolavide.aedv.es\/wp-content\/uploads\/2023\/05\/Museo-antiguo-1024x740.jpg\" \/>\n<meta name=\"twitter:card\" content=\"summary_large_image\" \/>\n<meta name=\"twitter:label1\" content=\"Est. reading time\" \/>\n\t<meta name=\"twitter:data1\" content=\"4 minutes\" \/>\n<script type=\"application\/ld+json\" class=\"yoast-schema-graph\">{\"@context\":\"https:\\\/\\\/schema.org\",\"@graph\":[{\"@type\":\"WebPage\",\"@id\":\"https:\\\/\\\/museoolavide.aedv.es\\\/en\\\/recovery-of-the-museum\\\/\",\"url\":\"https:\\\/\\\/museoolavide.aedv.es\\\/en\\\/recovery-of-the-museum\\\/\",\"name\":\"Recovery of the museum - Museo Olavide\",\"isPartOf\":{\"@id\":\"https:\\\/\\\/museoolavide.aedv.es\\\/en\\\/#website\"},\"primaryImageOfPage\":{\"@id\":\"https:\\\/\\\/museoolavide.aedv.es\\\/en\\\/recovery-of-the-museum\\\/#primaryimage\"},\"image\":{\"@id\":\"https:\\\/\\\/museoolavide.aedv.es\\\/en\\\/recovery-of-the-museum\\\/#primaryimage\"},\"thumbnailUrl\":\"https:\\\/\\\/museoolavide.aedv.es\\\/wp-content\\\/uploads\\\/2023\\\/05\\\/Museo-antiguo-1024x740.jpg\",\"datePublished\":\"2023-01-02T09:21:19+00:00\",\"dateModified\":\"2023-12-14T07:53:18+00:00\",\"breadcrumb\":{\"@id\":\"https:\\\/\\\/museoolavide.aedv.es\\\/en\\\/recovery-of-the-museum\\\/#breadcrumb\"},\"inLanguage\":\"en-US\",\"potentialAction\":[{\"@type\":\"ReadAction\",\"target\":[\"https:\\\/\\\/museoolavide.aedv.es\\\/en\\\/recovery-of-the-museum\\\/\"]}]},{\"@type\":\"ImageObject\",\"inLanguage\":\"en-US\",\"@id\":\"https:\\\/\\\/museoolavide.aedv.es\\\/en\\\/recovery-of-the-museum\\\/#primaryimage\",\"url\":\"https:\\\/\\\/museoolavide.aedv.es\\\/wp-content\\\/uploads\\\/2023\\\/05\\\/Museo-antiguo-1024x740.jpg\",\"contentUrl\":\"https:\\\/\\\/museoolavide.aedv.es\\\/wp-content\\\/uploads\\\/2023\\\/05\\\/Museo-antiguo-1024x740.jpg\"},{\"@type\":\"BreadcrumbList\",\"@id\":\"https:\\\/\\\/museoolavide.aedv.es\\\/en\\\/recovery-of-the-museum\\\/#breadcrumb\",\"itemListElement\":[{\"@type\":\"ListItem\",\"position\":1,\"name\":\"Portada\",\"item\":\"https:\\\/\\\/museoolavide.aedv.es\\\/en\\\/\"},{\"@type\":\"ListItem\",\"position\":2,\"name\":\"Recovery of the museum\"}]},{\"@type\":\"WebSite\",\"@id\":\"https:\\\/\\\/museoolavide.aedv.es\\\/en\\\/#website\",\"url\":\"https:\\\/\\\/museoolavide.aedv.es\\\/en\\\/\",\"name\":\"Museo Olavide\",\"description\":\"\",\"potentialAction\":[{\"@type\":\"SearchAction\",\"target\":{\"@type\":\"EntryPoint\",\"urlTemplate\":\"https:\\\/\\\/museoolavide.aedv.es\\\/en\\\/?s={search_term_string}\"},\"query-input\":{\"@type\":\"PropertyValueSpecification\",\"valueRequired\":true,\"valueName\":\"search_term_string\"}}],\"inLanguage\":\"en-US\"}]}<\/script>\n<!-- \/ Yoast SEO plugin. -->","yoast_head_json":{"title":"Recovery of the museum - Museo Olavide","robots":{"index":"index","follow":"follow","max-snippet":"max-snippet:-1","max-image-preview":"max-image-preview:large","max-video-preview":"max-video-preview:-1"},"canonical":"https:\/\/museoolavide.aedv.es\/en\/recovery-of-the-museum\/","og_locale":"en_US","og_type":"article","og_title":"Recovery of the museum - Museo Olavide","og_description":"Recovery of the museum The museum once had a collection of about 1,500 figures. For a series of reasons, many of them fortuitous, there is no precise data before 1940, since much of the documentation disappeared on November 19th, 1936, when an aircraft bomb fell on the Provincial Council building. After the Civil War, the [&hellip;]","og_url":"https:\/\/museoolavide.aedv.es\/en\/recovery-of-the-museum\/","og_site_name":"Museo Olavide","article_modified_time":"2023-12-14T07:53:18+00:00","og_image":[{"url":"https:\/\/museoolavide.aedv.es\/wp-content\/uploads\/2023\/05\/Museo-antiguo-1024x740.jpg","type":"","width":"","height":""}],"twitter_card":"summary_large_image","twitter_misc":{"Est. reading time":"4 minutes"},"schema":{"@context":"https:\/\/schema.org","@graph":[{"@type":"WebPage","@id":"https:\/\/museoolavide.aedv.es\/en\/recovery-of-the-museum\/","url":"https:\/\/museoolavide.aedv.es\/en\/recovery-of-the-museum\/","name":"Recovery of the museum - Museo Olavide","isPartOf":{"@id":"https:\/\/museoolavide.aedv.es\/en\/#website"},"primaryImageOfPage":{"@id":"https:\/\/museoolavide.aedv.es\/en\/recovery-of-the-museum\/#primaryimage"},"image":{"@id":"https:\/\/museoolavide.aedv.es\/en\/recovery-of-the-museum\/#primaryimage"},"thumbnailUrl":"https:\/\/museoolavide.aedv.es\/wp-content\/uploads\/2023\/05\/Museo-antiguo-1024x740.jpg","datePublished":"2023-01-02T09:21:19+00:00","dateModified":"2023-12-14T07:53:18+00:00","breadcrumb":{"@id":"https:\/\/museoolavide.aedv.es\/en\/recovery-of-the-museum\/#breadcrumb"},"inLanguage":"en-US","potentialAction":[{"@type":"ReadAction","target":["https:\/\/museoolavide.aedv.es\/en\/recovery-of-the-museum\/"]}]},{"@type":"ImageObject","inLanguage":"en-US","@id":"https:\/\/museoolavide.aedv.es\/en\/recovery-of-the-museum\/#primaryimage","url":"https:\/\/museoolavide.aedv.es\/wp-content\/uploads\/2023\/05\/Museo-antiguo-1024x740.jpg","contentUrl":"https:\/\/museoolavide.aedv.es\/wp-content\/uploads\/2023\/05\/Museo-antiguo-1024x740.jpg"},{"@type":"BreadcrumbList","@id":"https:\/\/museoolavide.aedv.es\/en\/recovery-of-the-museum\/#breadcrumb","itemListElement":[{"@type":"ListItem","position":1,"name":"Portada","item":"https:\/\/museoolavide.aedv.es\/en\/"},{"@type":"ListItem","position":2,"name":"Recovery of the museum"}]},{"@type":"WebSite","@id":"https:\/\/museoolavide.aedv.es\/en\/#website","url":"https:\/\/museoolavide.aedv.es\/en\/","name":"Museo Olavide","description":"","potentialAction":[{"@type":"SearchAction","target":{"@type":"EntryPoint","urlTemplate":"https:\/\/museoolavide.aedv.es\/en\/?s={search_term_string}"},"query-input":{"@type":"PropertyValueSpecification","valueRequired":true,"valueName":"search_term_string"}}],"inLanguage":"en-US"}]}},"_links":{"self":[{"href":"https:\/\/museoolavide.aedv.es\/en\/wp-json\/wp\/v2\/pages\/20339","targetHints":{"allow":["GET"]}}],"collection":[{"href":"https:\/\/museoolavide.aedv.es\/en\/wp-json\/wp\/v2\/pages"}],"about":[{"href":"https:\/\/museoolavide.aedv.es\/en\/wp-json\/wp\/v2\/types\/page"}],"author":[{"embeddable":true,"href":"https:\/\/museoolavide.aedv.es\/en\/wp-json\/wp\/v2\/users\/1"}],"replies":[{"embeddable":true,"href":"https:\/\/museoolavide.aedv.es\/en\/wp-json\/wp\/v2\/comments?post=20339"}],"version-history":[{"count":7,"href":"https:\/\/museoolavide.aedv.es\/en\/wp-json\/wp\/v2\/pages\/20339\/revisions"}],"predecessor-version":[{"id":20346,"href":"https:\/\/museoolavide.aedv.es\/en\/wp-json\/wp\/v2\/pages\/20339\/revisions\/20346"}],"wp:attachment":[{"href":"https:\/\/museoolavide.aedv.es\/en\/wp-json\/wp\/v2\/media?parent=20339"}],"curies":[{"name":"wp","href":"https:\/\/api.w.org\/{rel}","templated":true}]}}