{"id":20268,"date":"2023-01-05T06:39:59","date_gmt":"2023-01-05T05:39:59","guid":{"rendered":"https:\/\/museoolavide.aedv.es\/otros-personajes\/"},"modified":"2023-12-14T08:29:21","modified_gmt":"2023-12-14T07:29:21","slug":"other-characters","status":"publish","type":"page","link":"https:\/\/museoolavide.aedv.es\/en\/other-characters\/","title":{"rendered":"Other characters"},"content":{"rendered":"\t\t<div data-elementor-type=\"wp-page\" data-elementor-id=\"20268\" class=\"elementor elementor-20268 elementor-620\" data-elementor-post-type=\"page\">\n\t\t\t\t\t\t<section class=\"elementor-section elementor-top-section elementor-element elementor-element-b434fb5 elementor-section-height-min-height elementor-section-boxed elementor-section-height-default elementor-section-items-middle\" data-id=\"b434fb5\" data-element_type=\"section\" data-e-type=\"section\" data-settings=\"{&quot;background_background&quot;:&quot;classic&quot;}\">\n\t\t\t\t\t\t<div class=\"elementor-container elementor-column-gap-default\">\n\t\t\t\t\t<div class=\"elementor-column elementor-col-100 elementor-top-column elementor-element elementor-element-70ec62c\" data-id=\"70ec62c\" data-element_type=\"column\" data-e-type=\"column\">\n\t\t\t<div class=\"elementor-widget-wrap elementor-element-populated\">\n\t\t\t\t\t\t<div class=\"elementor-element elementor-element-2208f5c elementor-widget elementor-widget-heading\" data-id=\"2208f5c\" data-element_type=\"widget\" data-e-type=\"widget\" data-widget_type=\"heading.default\">\n\t\t\t\t<div class=\"elementor-widget-container\">\n\t\t\t\t\t<h1 class=\"elementor-heading-title elementor-size-default\">Other characters<\/h1>\t\t\t\t<\/div>\n\t\t\t\t<\/div>\n\t\t\t\t<div class=\"elementor-element elementor-element-fccca9b elementor-invisible elementor-widget elementor-widget-text-editor\" data-id=\"fccca9b\" data-element_type=\"widget\" data-e-type=\"widget\" data-settings=\"{&quot;_animation&quot;:&quot;fadeIn&quot;}\" data-widget_type=\"text-editor.default\">\n\t\t\t\t<div class=\"elementor-widget-container\">\n\t\t\t\t\t\t\t\t\t<p>Thanks to the continuous research work and all the documents that, little by little, are coming to light. In this section we will regularly add those characters who, at the time, were related to the Olavide Museum as well as its most important people.<\/p>\t\t\t\t\t\t\t\t<\/div>\n\t\t\t\t<\/div>\n\t\t\t\t\t<\/div>\n\t\t<\/div>\n\t\t\t\t\t<\/div>\n\t\t<\/section>\n\t\t\t\t<section class=\"elementor-section elementor-top-section elementor-element elementor-element-ff1d912 elementor-section-content-middle elementor-section-boxed elementor-section-height-default elementor-section-height-default\" data-id=\"ff1d912\" data-element_type=\"section\" data-e-type=\"section\">\n\t\t\t\t\t\t<div class=\"elementor-container elementor-column-gap-no\">\n\t\t\t\t\t<div class=\"elementor-column elementor-col-50 elementor-top-column elementor-element elementor-element-1291460\" data-id=\"1291460\" data-element_type=\"column\" data-e-type=\"column\">\n\t\t\t<div class=\"elementor-widget-wrap elementor-element-populated\">\n\t\t\t\t\t\t<div class=\"elementor-element elementor-element-b0c9c8b elementor-invisible elementor-widget elementor-widget-image\" data-id=\"b0c9c8b\" data-element_type=\"widget\" data-e-type=\"widget\" data-settings=\"{&quot;_animation&quot;:&quot;fadeInLeft&quot;}\" data-widget_type=\"image.default\">\n\t\t\t\t<div class=\"elementor-widget-container\">\n\t\t\t\t\t\t\t\t\t\t\t\t\t\t\t<img fetchpriority=\"high\" decoding=\"async\" width=\"743\" height=\"863\" src=\"https:\/\/museoolavide.aedv.es\/wp-content\/uploads\/2023\/06\/PG-Velasco.jpg\" class=\"attachment-full size-full wp-image-19913\" alt=\"\" srcset=\"https:\/\/museoolavide.aedv.es\/wp-content\/uploads\/2023\/06\/PG-Velasco.jpg 743w, https:\/\/museoolavide.aedv.es\/wp-content\/uploads\/2023\/06\/PG-Velasco-258x300.jpg 258w\" sizes=\"(max-width: 743px) 100vw, 743px\" \/>\t\t\t\t\t\t\t\t\t\t\t\t\t\t\t<\/div>\n\t\t\t\t<\/div>\n\t\t\t\t\t<\/div>\n\t\t<\/div>\n\t\t\t\t<div class=\"elementor-column elementor-col-50 elementor-top-column elementor-element elementor-element-41b9b1c\" data-id=\"41b9b1c\" data-element_type=\"column\" data-e-type=\"column\">\n\t\t\t<div class=\"elementor-widget-wrap elementor-element-populated\">\n\t\t\t\t\t\t<div class=\"elementor-element elementor-element-360e858 elementor-view-default elementor-widget elementor-widget-icon\" data-id=\"360e858\" data-element_type=\"widget\" data-e-type=\"widget\" data-widget_type=\"icon.default\">\n\t\t\t\t<div class=\"elementor-widget-container\">\n\t\t\t\t\t\t\t<div class=\"elementor-icon-wrapper\">\n\t\t\t<div class=\"elementor-icon\">\n\t\t\t\t\t\t\t<i class=\"fa fa-quote-left\" aria-hidden=\"true\"><\/i>\n\t\t\t\t\t\t<\/div>\n\t\t<\/div>\n\t\t\t\t\t\t<\/div>\n\t\t\t\t<\/div>\n\t\t\t\t<div class=\"elementor-element elementor-element-113012c elementor-invisible elementor-widget elementor-widget-heading\" data-id=\"113012c\" data-element_type=\"widget\" data-e-type=\"widget\" data-settings=\"{&quot;_animation&quot;:&quot;fadeInRight&quot;}\" data-widget_type=\"heading.default\">\n\t\t\t\t<div class=\"elementor-widget-container\">\n\t\t\t\t\t<h2 class=\"elementor-heading-title elementor-size-default\">Pedro Gonz\u00e1lez de Velasco\n<\/h2>\t\t\t\t<\/div>\n\t\t\t\t<\/div>\n\t\t\t\t<div class=\"elementor-element elementor-element-567c015 elementor-invisible elementor-widget elementor-widget-text-editor\" data-id=\"567c015\" data-element_type=\"widget\" data-e-type=\"widget\" data-settings=\"{&quot;_animation&quot;:&quot;fadeIn&quot;}\" data-widget_type=\"text-editor.default\">\n\t\t\t\t<div class=\"elementor-widget-container\">\n\t\t\t\t\t\t\t\t\t<p>He was born on October 23rd, 1815 in Valseca (Segovia) and died in Madrid, on October 21st, 1882.<\/p><p>Famous doctor and anthropologist, he founded the Museum of Anatomy (1875), currently known as the National Museum of Anthropology where some of his collections are stored.<\/p><p>Of humble origins, he soon had the opportunity to travel to Segovia, a place where he would learn Latin and earn some money as a soldier.<\/p><p>During the First Carlist War, Velasco was mobilized as a soldier in the 100,000-man conscription of Mendiz\u00e1bal. Six years later, when the battalion dissolved, he arrived in Madrid in absolute misery.<\/p><p>After many efforts and multiple jobs, he obtained the title of practitioner, followed by that of surgeon, doctor, and finally, the Chair of operations Management in the Faculty of Medicine at the Central University, now the Complutense University of Madrid.<\/p><p>From the beginning of his career he dedicated himself to the study of anatomical sculptures, collecting numerous pieces of anthropology and ethnography. He was a prolific writer, producing work on various medical topics, especially anatomy, surgery and clinical cases, but also on museology, politics and social issues.<\/p><p>Gonz\u00e1lez Velasco is also remembered for some of the smear campaigns that surrounded him, in particular, that of his daughter Conchita, who died of typhus at the age of 15. The legend tells the story that the famous doctor never accepted her loss by embalming her and taking her for walks. Although for a long time it was believed that his mummy remained in the Faculty of Medicine in Madrid, the truth is that a recent study refutes this, indicating that they are found in the family burial plot in the San Isidro cemetery in Madrid.<\/p>\t\t\t\t\t\t\t\t<\/div>\n\t\t\t\t<\/div>\n\t\t\t\t\t<\/div>\n\t\t<\/div>\n\t\t\t\t\t<\/div>\n\t\t<\/section>\n\t\t\t\t<section class=\"elementor-section elementor-top-section elementor-element elementor-element-a0f98ac elementor-section-content-middle elementor-reverse-mobile elementor-section-boxed elementor-section-height-default elementor-section-height-default\" data-id=\"a0f98ac\" data-element_type=\"section\" data-e-type=\"section\" data-settings=\"{&quot;background_background&quot;:&quot;classic&quot;}\">\n\t\t\t\t\t\t<div class=\"elementor-container elementor-column-gap-no\">\n\t\t\t\t\t<div class=\"elementor-column elementor-col-50 elementor-top-column elementor-element elementor-element-fa56979\" data-id=\"fa56979\" data-element_type=\"column\" data-e-type=\"column\">\n\t\t\t<div class=\"elementor-widget-wrap elementor-element-populated\">\n\t\t\t\t\t\t<div class=\"elementor-element elementor-element-a88267e elementor-view-default elementor-widget elementor-widget-icon\" data-id=\"a88267e\" data-element_type=\"widget\" data-e-type=\"widget\" data-widget_type=\"icon.default\">\n\t\t\t\t<div class=\"elementor-widget-container\">\n\t\t\t\t\t\t\t<div class=\"elementor-icon-wrapper\">\n\t\t\t<div class=\"elementor-icon\">\n\t\t\t\t\t\t\t<i class=\"fa fa-quote-left\" aria-hidden=\"true\"><\/i>\n\t\t\t\t\t\t<\/div>\n\t\t<\/div>\n\t\t\t\t\t\t<\/div>\n\t\t\t\t<\/div>\n\t\t\t\t<div class=\"elementor-element elementor-element-973b838 elementor-invisible elementor-widget elementor-widget-heading\" data-id=\"973b838\" data-element_type=\"widget\" data-e-type=\"widget\" data-settings=\"{&quot;_animation&quot;:&quot;fadeInLeft&quot;}\" data-widget_type=\"heading.default\">\n\t\t\t\t<div class=\"elementor-widget-container\">\n\t\t\t\t\t<h2 class=\"elementor-heading-title elementor-size-default\">Jos\u00e9 D\u00edaz Benito\n\n<\/h2>\t\t\t\t<\/div>\n\t\t\t\t<\/div>\n\t\t\t\t<div class=\"elementor-element elementor-element-afec632 elementor-invisible elementor-widget elementor-widget-text-editor\" data-id=\"afec632\" data-element_type=\"widget\" data-e-type=\"widget\" data-settings=\"{&quot;_animation&quot;:&quot;fadeIn&quot;}\" data-widget_type=\"text-editor.default\">\n\t\t\t\t<div class=\"elementor-widget-container\">\n\t\t\t\t\t\t\t\t\t<p>He was born in Nambresa (Toledo) in September 1824 and died in Madrid on December 1890.<\/p><p>Although his professional life is military, D\u00edaz Benito stands out for his works related to venereology and, especially, for his Atlas de Enfermedades Ven\u00e9reas y Sifil\u00edticas (Atlas of Venereal and Syphilitic Diseases).<\/p><p>He was a shrewd clinician who achieved great success by being appointed chamber physician to Amadeo I of Spain.<\/p><p>Between 1862-65 he published the Atlas of Venereal and Syphilitic Diseases based on colored photographs taken of the models of patients admitted to the Military Hospital and the San Juan de Dios Hospital. Previously, in 1861, he had presented a sketch of this atlas in Paris for the Academy of Surgery to consider, and he also presented it to illustrious venereologists of the time such as Richard, Cullerier and Ricord.<\/p><p>In 1853 he entered the Spanish Military Medical Corps as the first in his class, where he developed an extensive military career.<\/p><p>In 1874, Olavide made a report at the request of the National Royal Academy of Medicine about D\u00edaz Benito\u2019s Gabinete Anat\u00f3mico to propose that the state acquire it, destined for the Medical Schools of the Kingdom. Finally the collection was acquired by the State in 1879 and some of the figures can be seen at the Faculty of Medicine in Madrid.<\/p><p>He entered the Royal Academy of Medicine in May 1874 as a full academic with the speech \u2018De la herencia en Medicina y de las enfermedades que se heredan\u2019 (\u2018About inheritance in Medicine and diseases that are inherited\u2019) and occupied chair 36. He was also President of the Spanish Medical-Surgical Academy.<\/p>\t\t\t\t\t\t\t\t<\/div>\n\t\t\t\t<\/div>\n\t\t\t\t\t<\/div>\n\t\t<\/div>\n\t\t\t\t<div class=\"elementor-column elementor-col-50 elementor-top-column elementor-element elementor-element-867e4c7\" data-id=\"867e4c7\" data-element_type=\"column\" data-e-type=\"column\">\n\t\t\t<div class=\"elementor-widget-wrap elementor-element-populated\">\n\t\t\t\t\t\t<div class=\"elementor-element elementor-element-ec4af8f elementor-invisible elementor-widget elementor-widget-image\" data-id=\"ec4af8f\" data-element_type=\"widget\" data-e-type=\"widget\" data-settings=\"{&quot;_animation&quot;:&quot;fadeInRight&quot;}\" data-widget_type=\"image.default\">\n\t\t\t\t<div class=\"elementor-widget-container\">\n\t\t\t\t\t\t\t\t\t\t\t\t\t\t\t<img decoding=\"async\" width=\"662\" height=\"781\" src=\"https:\/\/museoolavide.aedv.es\/wp-content\/uploads\/2023\/06\/Jose-Diaz-Benito.jpg\" class=\"attachment-full size-full wp-image-19914\" alt=\"\" srcset=\"https:\/\/museoolavide.aedv.es\/wp-content\/uploads\/2023\/06\/Jose-Diaz-Benito.jpg 662w, https:\/\/museoolavide.aedv.es\/wp-content\/uploads\/2023\/06\/Jose-Diaz-Benito-254x300.jpg 254w\" sizes=\"(max-width: 662px) 100vw, 662px\" \/>\t\t\t\t\t\t\t\t\t\t\t\t\t\t\t<\/div>\n\t\t\t\t<\/div>\n\t\t\t\t\t<\/div>\n\t\t<\/div>\n\t\t\t\t\t<\/div>\n\t\t<\/section>\n\t\t\t\t<section class=\"elementor-section elementor-top-section elementor-element elementor-element-1416ede9 elementor-section-content-middle elementor-section-boxed elementor-section-height-default elementor-section-height-default\" data-id=\"1416ede9\" data-element_type=\"section\" data-e-type=\"section\">\n\t\t\t\t\t\t<div class=\"elementor-container elementor-column-gap-no\">\n\t\t\t\t\t<div class=\"elementor-column elementor-col-50 elementor-top-column elementor-element elementor-element-681e15de\" data-id=\"681e15de\" data-element_type=\"column\" data-e-type=\"column\">\n\t\t\t<div class=\"elementor-widget-wrap elementor-element-populated\">\n\t\t\t\t\t\t<div class=\"elementor-element elementor-element-7dd30694 elementor-invisible elementor-widget elementor-widget-image\" data-id=\"7dd30694\" data-element_type=\"widget\" data-e-type=\"widget\" data-settings=\"{&quot;_animation&quot;:&quot;fadeInLeft&quot;}\" data-widget_type=\"image.default\">\n\t\t\t\t<div class=\"elementor-widget-container\">\n\t\t\t\t\t\t\t\t\t\t\t\t\t\t\t<img decoding=\"async\" width=\"640\" height=\"702\" src=\"https:\/\/museoolavide.aedv.es\/wp-content\/uploads\/2023\/06\/Cesareo_Fernandez_Losada.jpg\" class=\"attachment-full size-full wp-image-19915\" alt=\"\" srcset=\"https:\/\/museoolavide.aedv.es\/wp-content\/uploads\/2023\/06\/Cesareo_Fernandez_Losada.jpg 640w, https:\/\/museoolavide.aedv.es\/wp-content\/uploads\/2023\/06\/Cesareo_Fernandez_Losada-274x300.jpg 274w\" sizes=\"(max-width: 640px) 100vw, 640px\" \/>\t\t\t\t\t\t\t\t\t\t\t\t\t\t\t<\/div>\n\t\t\t\t<\/div>\n\t\t\t\t\t<\/div>\n\t\t<\/div>\n\t\t\t\t<div class=\"elementor-column elementor-col-50 elementor-top-column elementor-element elementor-element-748b38d6\" data-id=\"748b38d6\" data-element_type=\"column\" data-e-type=\"column\">\n\t\t\t<div class=\"elementor-widget-wrap elementor-element-populated\">\n\t\t\t\t\t\t<div class=\"elementor-element elementor-element-45c1569e elementor-view-default elementor-widget elementor-widget-icon\" data-id=\"45c1569e\" data-element_type=\"widget\" data-e-type=\"widget\" data-widget_type=\"icon.default\">\n\t\t\t\t<div class=\"elementor-widget-container\">\n\t\t\t\t\t\t\t<div class=\"elementor-icon-wrapper\">\n\t\t\t<div class=\"elementor-icon\">\n\t\t\t\t\t\t\t<i class=\"fa fa-quote-left\" aria-hidden=\"true\"><\/i>\n\t\t\t\t\t\t<\/div>\n\t\t<\/div>\n\t\t\t\t\t\t<\/div>\n\t\t\t\t<\/div>\n\t\t\t\t<div class=\"elementor-element elementor-element-56ba466f elementor-invisible elementor-widget elementor-widget-heading\" data-id=\"56ba466f\" data-element_type=\"widget\" data-e-type=\"widget\" data-settings=\"{&quot;_animation&quot;:&quot;fadeInRight&quot;}\" data-widget_type=\"heading.default\">\n\t\t\t\t<div class=\"elementor-widget-container\">\n\t\t\t\t\t<h2 class=\"elementor-heading-title elementor-size-default\">Ces\u00e1reo Fern\u00e1ndez Losada\n<\/h2>\t\t\t\t<\/div>\n\t\t\t\t<\/div>\n\t\t\t\t<div class=\"elementor-element elementor-element-444de19 elementor-invisible elementor-widget elementor-widget-text-editor\" data-id=\"444de19\" data-element_type=\"widget\" data-e-type=\"widget\" data-settings=\"{&quot;_animation&quot;:&quot;fadeIn&quot;}\" data-widget_type=\"text-editor.default\">\n\t\t\t\t<div class=\"elementor-widget-container\">\n\t\t\t\t\t\t\t\t\t<p>He was born in Celanova on June 26th, 1831 and died in Barcelona on April 11st, 1911. He was a Spanish military doctor, surgeon, scientist and founder of the Spanish Military Health School.<\/p><p>He graduated in Medicine from the Central University, in 1856 he entered, as the first in his class in the Spanish Military Health Corps. As a scientist, it is worth mentioning that he was the founder of the Anatomical Museum of that hospital and the Bacteriological Institute. As a soldier, between 1858 and 1860 he participated in numerous military campaigns in Morocco, which earned him two promotions for war merits.<\/p><p>In his biography, Fern\u00e1ndez Losada mentions that he was a doctor to the Royal Chamber of Isabella II of Spain, where he treated, among other personalities, General O&#8217;Donnell in the Moroccan campaign and General Prim in his agony.<\/p><p>He also dedicated himself to politics, being elected deputy to the Cortes in 1867 for Orense and in 1868 for Celanova, which allowed him to promote and propose actions and reforms in matters of health in the Army.<\/p>\t\t\t\t\t\t\t\t<\/div>\n\t\t\t\t<\/div>\n\t\t\t\t\t<\/div>\n\t\t<\/div>\n\t\t\t\t\t<\/div>\n\t\t<\/section>\n\t\t\t\t<\/div>\n\t\t","protected":false},"excerpt":{"rendered":"<p>Other characters Thanks to the continuous research work and all the documents that, little by little, are coming to light. In this section we will regularly add those characters who, at the time, were related to the Olavide Museum as well as its most important people. Pedro Gonz\u00e1lez de Velasco He was born on October [&hellip;]<\/p>\n","protected":false},"author":1,"featured_media":0,"parent":0,"menu_order":0,"comment_status":"closed","ping_status":"closed","template":"","meta":{"footnotes":""},"class_list":["post-20268","page","type-page","status-publish","hentry"],"yoast_head":"<!-- This site is optimized with the Yoast SEO plugin v27.3 - https:\/\/yoast.com\/product\/yoast-seo-wordpress\/ -->\n<title>Other characters - Museo Olavide<\/title>\n<meta name=\"robots\" content=\"index, follow, max-snippet:-1, max-image-preview:large, max-video-preview:-1\" \/>\n<link rel=\"canonical\" href=\"https:\/\/museoolavide.aedv.es\/en\/other-characters\/\" \/>\n<meta property=\"og:locale\" content=\"en_US\" \/>\n<meta property=\"og:type\" content=\"article\" \/>\n<meta property=\"og:title\" content=\"Other characters - Museo Olavide\" \/>\n<meta property=\"og:description\" content=\"Other characters Thanks to the continuous research work and all the documents that, little by little, are coming to light. In this section we will regularly add those characters who, at the time, were related to the Olavide Museum as well as its most important people. Pedro Gonz\u00e1lez de Velasco He was born on October [&hellip;]\" \/>\n<meta property=\"og:url\" content=\"https:\/\/museoolavide.aedv.es\/en\/other-characters\/\" \/>\n<meta property=\"og:site_name\" content=\"Museo Olavide\" \/>\n<meta property=\"article:modified_time\" content=\"2023-12-14T07:29:21+00:00\" \/>\n<meta property=\"og:image\" content=\"https:\/\/museoolavide.aedv.es\/wp-content\/uploads\/2023\/06\/PG-Velasco.jpg\" \/>\n<meta name=\"twitter:card\" content=\"summary_large_image\" \/>\n<meta name=\"twitter:label1\" content=\"Est. reading time\" \/>\n\t<meta name=\"twitter:data1\" content=\"5 minutes\" \/>\n<script type=\"application\/ld+json\" class=\"yoast-schema-graph\">{\"@context\":\"https:\\\/\\\/schema.org\",\"@graph\":[{\"@type\":\"WebPage\",\"@id\":\"https:\\\/\\\/museoolavide.aedv.es\\\/en\\\/other-characters\\\/\",\"url\":\"https:\\\/\\\/museoolavide.aedv.es\\\/en\\\/other-characters\\\/\",\"name\":\"Other characters - Museo Olavide\",\"isPartOf\":{\"@id\":\"https:\\\/\\\/museoolavide.aedv.es\\\/en\\\/#website\"},\"primaryImageOfPage\":{\"@id\":\"https:\\\/\\\/museoolavide.aedv.es\\\/en\\\/other-characters\\\/#primaryimage\"},\"image\":{\"@id\":\"https:\\\/\\\/museoolavide.aedv.es\\\/en\\\/other-characters\\\/#primaryimage\"},\"thumbnailUrl\":\"https:\\\/\\\/museoolavide.aedv.es\\\/wp-content\\\/uploads\\\/2023\\\/06\\\/PG-Velasco.jpg\",\"datePublished\":\"2023-01-05T05:39:59+00:00\",\"dateModified\":\"2023-12-14T07:29:21+00:00\",\"breadcrumb\":{\"@id\":\"https:\\\/\\\/museoolavide.aedv.es\\\/en\\\/other-characters\\\/#breadcrumb\"},\"inLanguage\":\"en-US\",\"potentialAction\":[{\"@type\":\"ReadAction\",\"target\":[\"https:\\\/\\\/museoolavide.aedv.es\\\/en\\\/other-characters\\\/\"]}]},{\"@type\":\"ImageObject\",\"inLanguage\":\"en-US\",\"@id\":\"https:\\\/\\\/museoolavide.aedv.es\\\/en\\\/other-characters\\\/#primaryimage\",\"url\":\"https:\\\/\\\/museoolavide.aedv.es\\\/wp-content\\\/uploads\\\/2023\\\/06\\\/PG-Velasco.jpg\",\"contentUrl\":\"https:\\\/\\\/museoolavide.aedv.es\\\/wp-content\\\/uploads\\\/2023\\\/06\\\/PG-Velasco.jpg\"},{\"@type\":\"BreadcrumbList\",\"@id\":\"https:\\\/\\\/museoolavide.aedv.es\\\/en\\\/other-characters\\\/#breadcrumb\",\"itemListElement\":[{\"@type\":\"ListItem\",\"position\":1,\"name\":\"Portada\",\"item\":\"https:\\\/\\\/museoolavide.aedv.es\\\/en\\\/\"},{\"@type\":\"ListItem\",\"position\":2,\"name\":\"Other characters\"}]},{\"@type\":\"WebSite\",\"@id\":\"https:\\\/\\\/museoolavide.aedv.es\\\/en\\\/#website\",\"url\":\"https:\\\/\\\/museoolavide.aedv.es\\\/en\\\/\",\"name\":\"Museo Olavide\",\"description\":\"\",\"potentialAction\":[{\"@type\":\"SearchAction\",\"target\":{\"@type\":\"EntryPoint\",\"urlTemplate\":\"https:\\\/\\\/museoolavide.aedv.es\\\/en\\\/?s={search_term_string}\"},\"query-input\":{\"@type\":\"PropertyValueSpecification\",\"valueRequired\":true,\"valueName\":\"search_term_string\"}}],\"inLanguage\":\"en-US\"}]}<\/script>\n<!-- \/ Yoast SEO plugin. -->","yoast_head_json":{"title":"Other characters - Museo Olavide","robots":{"index":"index","follow":"follow","max-snippet":"max-snippet:-1","max-image-preview":"max-image-preview:large","max-video-preview":"max-video-preview:-1"},"canonical":"https:\/\/museoolavide.aedv.es\/en\/other-characters\/","og_locale":"en_US","og_type":"article","og_title":"Other characters - Museo Olavide","og_description":"Other characters Thanks to the continuous research work and all the documents that, little by little, are coming to light. In this section we will regularly add those characters who, at the time, were related to the Olavide Museum as well as its most important people. Pedro Gonz\u00e1lez de Velasco He was born on October [&hellip;]","og_url":"https:\/\/museoolavide.aedv.es\/en\/other-characters\/","og_site_name":"Museo Olavide","article_modified_time":"2023-12-14T07:29:21+00:00","og_image":[{"url":"https:\/\/museoolavide.aedv.es\/wp-content\/uploads\/2023\/06\/PG-Velasco.jpg","type":"","width":"","height":""}],"twitter_card":"summary_large_image","twitter_misc":{"Est. reading time":"5 minutes"},"schema":{"@context":"https:\/\/schema.org","@graph":[{"@type":"WebPage","@id":"https:\/\/museoolavide.aedv.es\/en\/other-characters\/","url":"https:\/\/museoolavide.aedv.es\/en\/other-characters\/","name":"Other characters - Museo Olavide","isPartOf":{"@id":"https:\/\/museoolavide.aedv.es\/en\/#website"},"primaryImageOfPage":{"@id":"https:\/\/museoolavide.aedv.es\/en\/other-characters\/#primaryimage"},"image":{"@id":"https:\/\/museoolavide.aedv.es\/en\/other-characters\/#primaryimage"},"thumbnailUrl":"https:\/\/museoolavide.aedv.es\/wp-content\/uploads\/2023\/06\/PG-Velasco.jpg","datePublished":"2023-01-05T05:39:59+00:00","dateModified":"2023-12-14T07:29:21+00:00","breadcrumb":{"@id":"https:\/\/museoolavide.aedv.es\/en\/other-characters\/#breadcrumb"},"inLanguage":"en-US","potentialAction":[{"@type":"ReadAction","target":["https:\/\/museoolavide.aedv.es\/en\/other-characters\/"]}]},{"@type":"ImageObject","inLanguage":"en-US","@id":"https:\/\/museoolavide.aedv.es\/en\/other-characters\/#primaryimage","url":"https:\/\/museoolavide.aedv.es\/wp-content\/uploads\/2023\/06\/PG-Velasco.jpg","contentUrl":"https:\/\/museoolavide.aedv.es\/wp-content\/uploads\/2023\/06\/PG-Velasco.jpg"},{"@type":"BreadcrumbList","@id":"https:\/\/museoolavide.aedv.es\/en\/other-characters\/#breadcrumb","itemListElement":[{"@type":"ListItem","position":1,"name":"Portada","item":"https:\/\/museoolavide.aedv.es\/en\/"},{"@type":"ListItem","position":2,"name":"Other characters"}]},{"@type":"WebSite","@id":"https:\/\/museoolavide.aedv.es\/en\/#website","url":"https:\/\/museoolavide.aedv.es\/en\/","name":"Museo Olavide","description":"","potentialAction":[{"@type":"SearchAction","target":{"@type":"EntryPoint","urlTemplate":"https:\/\/museoolavide.aedv.es\/en\/?s={search_term_string}"},"query-input":{"@type":"PropertyValueSpecification","valueRequired":true,"valueName":"search_term_string"}}],"inLanguage":"en-US"}]}},"_links":{"self":[{"href":"https:\/\/museoolavide.aedv.es\/en\/wp-json\/wp\/v2\/pages\/20268","targetHints":{"allow":["GET"]}}],"collection":[{"href":"https:\/\/museoolavide.aedv.es\/en\/wp-json\/wp\/v2\/pages"}],"about":[{"href":"https:\/\/museoolavide.aedv.es\/en\/wp-json\/wp\/v2\/types\/page"}],"author":[{"embeddable":true,"href":"https:\/\/museoolavide.aedv.es\/en\/wp-json\/wp\/v2\/users\/1"}],"replies":[{"embeddable":true,"href":"https:\/\/museoolavide.aedv.es\/en\/wp-json\/wp\/v2\/comments?post=20268"}],"version-history":[{"count":4,"href":"https:\/\/museoolavide.aedv.es\/en\/wp-json\/wp\/v2\/pages\/20268\/revisions"}],"predecessor-version":[{"id":20272,"href":"https:\/\/museoolavide.aedv.es\/en\/wp-json\/wp\/v2\/pages\/20268\/revisions\/20272"}],"wp:attachment":[{"href":"https:\/\/museoolavide.aedv.es\/en\/wp-json\/wp\/v2\/media?parent=20268"}],"curies":[{"name":"wp","href":"https:\/\/api.w.org\/{rel}","templated":true}]}}