{"id":20254,"date":"2023-01-08T09:57:13","date_gmt":"2023-01-08T08:57:13","guid":{"rendered":"https:\/\/museoolavide.aedv.es\/elaboracion-de-modelados\/"},"modified":"2023-12-14T08:25:00","modified_gmt":"2023-12-14T07:25:00","slug":"preparation-of-the-figures","status":"publish","type":"page","link":"https:\/\/museoolavide.aedv.es\/en\/preparation-of-the-figures\/","title":{"rendered":"Preparation of the figures"},"content":{"rendered":"\t\t<div data-elementor-type=\"wp-page\" data-elementor-id=\"20254\" class=\"elementor elementor-20254 elementor-678\" data-elementor-post-type=\"page\">\n\t\t\t\t\t\t<section class=\"elementor-section elementor-top-section elementor-element elementor-element-f0efba6 elementor-section-height-min-height elementor-section-boxed elementor-section-height-default elementor-section-items-middle\" data-id=\"f0efba6\" data-element_type=\"section\" data-e-type=\"section\" data-settings=\"{&quot;background_background&quot;:&quot;classic&quot;}\">\n\t\t\t\t\t\t\t<div class=\"elementor-background-overlay\"><\/div>\n\t\t\t\t\t\t\t<div class=\"elementor-container elementor-column-gap-default\">\n\t\t\t\t\t<div class=\"elementor-column elementor-col-100 elementor-top-column elementor-element elementor-element-21c4a64\" data-id=\"21c4a64\" data-element_type=\"column\" data-e-type=\"column\">\n\t\t\t<div class=\"elementor-widget-wrap elementor-element-populated\">\n\t\t\t\t\t\t<div class=\"elementor-element elementor-element-9b2cb89 elementor-widget elementor-widget-heading\" data-id=\"9b2cb89\" data-element_type=\"widget\" data-e-type=\"widget\" data-widget_type=\"heading.default\">\n\t\t\t\t<div class=\"elementor-widget-container\">\n\t\t\t\t\t<h1 class=\"elementor-heading-title elementor-size-default\">Preparation of the figures<\/h1>\t\t\t\t<\/div>\n\t\t\t\t<\/div>\n\t\t\t\t\t<\/div>\n\t\t<\/div>\n\t\t\t\t\t<\/div>\n\t\t<\/section>\n\t\t\t\t<section class=\"elementor-section elementor-top-section elementor-element elementor-element-e3b7fa1 elementor-section-boxed elementor-section-height-default elementor-section-height-default\" data-id=\"e3b7fa1\" data-element_type=\"section\" data-e-type=\"section\">\n\t\t\t\t\t\t<div class=\"elementor-container elementor-column-gap-default\">\n\t\t\t\t\t<div class=\"elementor-column elementor-col-50 elementor-top-column elementor-element elementor-element-57467c6\" data-id=\"57467c6\" data-element_type=\"column\" data-e-type=\"column\">\n\t\t\t<div class=\"elementor-widget-wrap elementor-element-populated\">\n\t\t\t\t\t\t<div class=\"elementor-element elementor-element-e8dcc4b elementor-invisible elementor-widget elementor-widget-heading\" data-id=\"e8dcc4b\" data-element_type=\"widget\" data-e-type=\"widget\" data-settings=\"{&quot;_animation&quot;:&quot;fadeInLeft&quot;}\" data-widget_type=\"heading.default\">\n\t\t\t\t<div class=\"elementor-widget-container\">\n\t\t\t\t\t<h2 class=\"elementor-heading-title elementor-size-default\">Gone are the days of simple votive offerings\n<\/h2>\t\t\t\t<\/div>\n\t\t\t\t<\/div>\n\t\t\t\t<div class=\"elementor-element elementor-element-67db320 elementor-invisible elementor-widget elementor-widget-text-editor\" data-id=\"67db320\" data-element_type=\"widget\" data-e-type=\"widget\" data-settings=\"{&quot;_animation&quot;:&quot;fadeIn&quot;}\" data-widget_type=\"text-editor.default\">\n\t\t\t\t<div class=\"elementor-widget-container\">\n\t\t\t\t\t\t\t\t\t<p>In the 19th century, wax continued to be the most used material for the creation of pathological models such as those that make up the Olavide Museum collection, because the waxy material is easy to model, organic, abundant and economical.<\/p><p>In addition to wax, other materials were used, such as clay or plaster, the latter for creating molds.<\/p><p>Gone are the days of simple votive offerings (small wax figurines), used in ancient times as an offering to the deities in gratitude for healing the sick.<\/p>\t\t\t\t\t\t\t\t<\/div>\n\t\t\t\t<\/div>\n\t\t\t\t\t<\/div>\n\t\t<\/div>\n\t\t\t\t<div class=\"elementor-column elementor-col-50 elementor-top-column elementor-element elementor-element-a270274\" data-id=\"a270274\" data-element_type=\"column\" data-e-type=\"column\">\n\t\t\t<div class=\"elementor-widget-wrap elementor-element-populated\">\n\t\t\t\t\t\t<div class=\"elementor-element elementor-element-4f3bba0 elementor-invisible elementor-widget elementor-widget-image\" data-id=\"4f3bba0\" data-element_type=\"widget\" data-e-type=\"widget\" data-settings=\"{&quot;_animation&quot;:&quot;fadeInRight&quot;}\" data-widget_type=\"image.default\">\n\t\t\t\t<div class=\"elementor-widget-container\">\n\t\t\t\t\t\t\t\t\t\t\t\t<figure class=\"wp-caption\">\n\t\t\t\t\t\t\t\t\t\t\t<a href=\"https:\/\/museoolavide.aedv.es\/wp-content\/uploads\/2023\/01\/elaboracion_modelados1.jpeg\" data-elementor-open-lightbox=\"yes\" data-elementor-lightbox-title=\"elaboracion_modelados(1)\" data-e-action-hash=\"#elementor-action%3Aaction%3Dlightbox%26settings%3DeyJpZCI6MTgwMTcsInVybCI6Imh0dHBzOlwvXC9tdXNlb29sYXZpZGUuYWVkdi5lc1wvd3AtY29udGVudFwvdXBsb2Fkc1wvMjAyM1wvMDFcL2VsYWJvcmFjaW9uX21vZGVsYWRvczEuanBlZyJ9\">\n\t\t\t\t\t\t\t<img fetchpriority=\"high\" decoding=\"async\" width=\"967\" height=\"448\" src=\"https:\/\/museoolavide.aedv.es\/wp-content\/uploads\/2023\/01\/elaboracion_modelados1.jpeg\" class=\"attachment-full size-full wp-image-18017\" alt=\"\" srcset=\"https:\/\/museoolavide.aedv.es\/wp-content\/uploads\/2023\/01\/elaboracion_modelados1.jpeg 967w, https:\/\/museoolavide.aedv.es\/wp-content\/uploads\/2023\/01\/elaboracion_modelados1-300x139.jpeg 300w, https:\/\/museoolavide.aedv.es\/wp-content\/uploads\/2023\/01\/elaboracion_modelados1-768x356.jpeg 768w\" sizes=\"(max-width: 967px) 100vw, 967px\" \/>\t\t\t\t\t\t\t\t<\/a>\n\t\t\t\t\t\t\t\t\t\t\t<figcaption class=\"widget-image-caption wp-caption-text\">Detail of a negative plaster cast<\/figcaption>\n\t\t\t\t\t\t\t\t\t\t<\/figure>\n\t\t\t\t\t\t\t\t\t<\/div>\n\t\t\t\t<\/div>\n\t\t\t\t\t<\/div>\n\t\t<\/div>\n\t\t\t\t\t<\/div>\n\t\t<\/section>\n\t\t\t\t<section class=\"elementor-section elementor-top-section elementor-element elementor-element-baae9da elementor-section-boxed elementor-section-height-default elementor-section-height-default\" data-id=\"baae9da\" data-element_type=\"section\" data-e-type=\"section\">\n\t\t\t\t\t\t<div class=\"elementor-container elementor-column-gap-default\">\n\t\t\t\t\t<div class=\"elementor-column elementor-col-50 elementor-top-column elementor-element elementor-element-7cf59b7\" data-id=\"7cf59b7\" data-element_type=\"column\" data-e-type=\"column\">\n\t\t\t<div class=\"elementor-widget-wrap elementor-element-populated\">\n\t\t\t\t\t\t<div class=\"elementor-element elementor-element-5a29297 elementor-invisible elementor-widget elementor-widget-text-editor\" data-id=\"5a29297\" data-element_type=\"widget\" data-e-type=\"widget\" data-settings=\"{&quot;_animation&quot;:&quot;fadeIn&quot;}\" data-widget_type=\"text-editor.default\">\n\t\t\t\t<div class=\"elementor-widget-container\">\n\t\t\t\t\t\t\t\t\tIn general, the manufacture of a wax figure required the cooperation of at least three characters: the patient who suffered from the disease, the doctor who diagnosed and evaluated it, and the sculptor who reproduced it with maximum fidelity.\n\n\t\t\t\t\t\t\t\t<\/div>\n\t\t\t\t<\/div>\n\t\t\t\t\t<\/div>\n\t\t<\/div>\n\t\t\t\t<div class=\"elementor-column elementor-col-50 elementor-top-column elementor-element elementor-element-e6e7ec4\" data-id=\"e6e7ec4\" data-element_type=\"column\" data-e-type=\"column\">\n\t\t\t<div class=\"elementor-widget-wrap elementor-element-populated\">\n\t\t\t\t\t\t<div class=\"elementor-element elementor-element-a938408 elementor-invisible elementor-widget elementor-widget-text-editor\" data-id=\"a938408\" data-element_type=\"widget\" data-e-type=\"widget\" data-settings=\"{&quot;_animation&quot;:&quot;fadeIn&quot;}\" data-widget_type=\"text-editor.default\">\n\t\t\t\t<div class=\"elementor-widget-container\">\n\t\t\t\t\t\t\t\t\t<p>The sculptors from the Olavide Museum, Enrique Zof\u00edo, Jos\u00e9 Barta and Rafael L\u00f3pez had a workshop in the San Juan de Dios Hospital itself. During the 84 years from the opening of the museum to its final closure, they continued to create unique and unrivaled work. The technique was also changing, perfecting and significantly simplifying the production times and process.<\/p>\t\t\t\t\t\t\t\t<\/div>\n\t\t\t\t<\/div>\n\t\t\t\t\t<\/div>\n\t\t<\/div>\n\t\t\t\t\t<\/div>\n\t\t<\/section>\n\t\t\t\t<\/div>\n\t\t","protected":false},"excerpt":{"rendered":"<p>Preparation of the figures Gone are the days of simple votive offerings In the 19th century, wax continued to be the most used material for the creation of pathological models such as those that make up the Olavide Museum collection, because the waxy material is easy to model, organic, abundant and economical. In addition to [&hellip;]<\/p>\n","protected":false},"author":1,"featured_media":0,"parent":0,"menu_order":0,"comment_status":"closed","ping_status":"closed","template":"","meta":{"footnotes":""},"class_list":["post-20254","page","type-page","status-publish","hentry"],"yoast_head":"<!-- This site is optimized with the Yoast SEO plugin v26.9 - https:\/\/yoast.com\/product\/yoast-seo-wordpress\/ -->\n<title>Preparation of the figures - Museo Olavide<\/title>\n<meta name=\"robots\" content=\"index, follow, max-snippet:-1, max-image-preview:large, max-video-preview:-1\" \/>\n<link rel=\"canonical\" href=\"https:\/\/museoolavide.aedv.es\/en\/preparation-of-the-figures\/\" \/>\n<meta property=\"og:locale\" content=\"en_US\" \/>\n<meta property=\"og:type\" content=\"article\" \/>\n<meta property=\"og:title\" content=\"Preparation of the figures - Museo Olavide\" \/>\n<meta property=\"og:description\" content=\"Preparation of the figures Gone are the days of simple votive offerings In the 19th century, wax continued to be the most used material for the creation of pathological models such as those that make up the Olavide Museum collection, because the waxy material is easy to model, organic, abundant and economical. In addition to [&hellip;]\" \/>\n<meta property=\"og:url\" content=\"https:\/\/museoolavide.aedv.es\/en\/preparation-of-the-figures\/\" \/>\n<meta property=\"og:site_name\" content=\"Museo Olavide\" \/>\n<meta property=\"article:modified_time\" content=\"2023-12-14T07:25:00+00:00\" \/>\n<meta property=\"og:image\" content=\"https:\/\/museoolavide.aedv.es\/wp-content\/uploads\/2023\/01\/elaboracion_modelados1.jpeg\" \/>\n<meta name=\"twitter:card\" content=\"summary_large_image\" \/>\n<meta name=\"twitter:label1\" content=\"Est. reading time\" \/>\n\t<meta name=\"twitter:data1\" content=\"2 minutes\" \/>\n<script type=\"application\/ld+json\" class=\"yoast-schema-graph\">{\"@context\":\"https:\/\/schema.org\",\"@graph\":[{\"@type\":\"WebPage\",\"@id\":\"https:\/\/museoolavide.aedv.es\/en\/preparation-of-the-figures\/\",\"url\":\"https:\/\/museoolavide.aedv.es\/en\/preparation-of-the-figures\/\",\"name\":\"Preparation of the figures - Museo Olavide\",\"isPartOf\":{\"@id\":\"https:\/\/museoolavide.aedv.es\/en\/#website\"},\"primaryImageOfPage\":{\"@id\":\"https:\/\/museoolavide.aedv.es\/en\/preparation-of-the-figures\/#primaryimage\"},\"image\":{\"@id\":\"https:\/\/museoolavide.aedv.es\/en\/preparation-of-the-figures\/#primaryimage\"},\"thumbnailUrl\":\"https:\/\/museoolavide.aedv.es\/wp-content\/uploads\/2023\/01\/elaboracion_modelados1.jpeg\",\"datePublished\":\"2023-01-08T08:57:13+00:00\",\"dateModified\":\"2023-12-14T07:25:00+00:00\",\"breadcrumb\":{\"@id\":\"https:\/\/museoolavide.aedv.es\/en\/preparation-of-the-figures\/#breadcrumb\"},\"inLanguage\":\"en-US\",\"potentialAction\":[{\"@type\":\"ReadAction\",\"target\":[\"https:\/\/museoolavide.aedv.es\/en\/preparation-of-the-figures\/\"]}]},{\"@type\":\"ImageObject\",\"inLanguage\":\"en-US\",\"@id\":\"https:\/\/museoolavide.aedv.es\/en\/preparation-of-the-figures\/#primaryimage\",\"url\":\"https:\/\/museoolavide.aedv.es\/wp-content\/uploads\/2023\/01\/elaboracion_modelados1.jpeg\",\"contentUrl\":\"https:\/\/museoolavide.aedv.es\/wp-content\/uploads\/2023\/01\/elaboracion_modelados1.jpeg\"},{\"@type\":\"BreadcrumbList\",\"@id\":\"https:\/\/museoolavide.aedv.es\/en\/preparation-of-the-figures\/#breadcrumb\",\"itemListElement\":[{\"@type\":\"ListItem\",\"position\":1,\"name\":\"Portada\",\"item\":\"https:\/\/museoolavide.aedv.es\/en\/\"},{\"@type\":\"ListItem\",\"position\":2,\"name\":\"Preparation of the figures\"}]},{\"@type\":\"WebSite\",\"@id\":\"https:\/\/museoolavide.aedv.es\/en\/#website\",\"url\":\"https:\/\/museoolavide.aedv.es\/en\/\",\"name\":\"Museo Olavide\",\"description\":\"\",\"potentialAction\":[{\"@type\":\"SearchAction\",\"target\":{\"@type\":\"EntryPoint\",\"urlTemplate\":\"https:\/\/museoolavide.aedv.es\/en\/?s={search_term_string}\"},\"query-input\":{\"@type\":\"PropertyValueSpecification\",\"valueRequired\":true,\"valueName\":\"search_term_string\"}}],\"inLanguage\":\"en-US\"}]}<\/script>\n<!-- \/ Yoast SEO plugin. -->","yoast_head_json":{"title":"Preparation of the figures - Museo Olavide","robots":{"index":"index","follow":"follow","max-snippet":"max-snippet:-1","max-image-preview":"max-image-preview:large","max-video-preview":"max-video-preview:-1"},"canonical":"https:\/\/museoolavide.aedv.es\/en\/preparation-of-the-figures\/","og_locale":"en_US","og_type":"article","og_title":"Preparation of the figures - Museo Olavide","og_description":"Preparation of the figures Gone are the days of simple votive offerings In the 19th century, wax continued to be the most used material for the creation of pathological models such as those that make up the Olavide Museum collection, because the waxy material is easy to model, organic, abundant and economical. In addition to [&hellip;]","og_url":"https:\/\/museoolavide.aedv.es\/en\/preparation-of-the-figures\/","og_site_name":"Museo Olavide","article_modified_time":"2023-12-14T07:25:00+00:00","og_image":[{"url":"https:\/\/museoolavide.aedv.es\/wp-content\/uploads\/2023\/01\/elaboracion_modelados1.jpeg","type":"","width":"","height":""}],"twitter_card":"summary_large_image","twitter_misc":{"Est. reading time":"2 minutes"},"schema":{"@context":"https:\/\/schema.org","@graph":[{"@type":"WebPage","@id":"https:\/\/museoolavide.aedv.es\/en\/preparation-of-the-figures\/","url":"https:\/\/museoolavide.aedv.es\/en\/preparation-of-the-figures\/","name":"Preparation of the figures - Museo Olavide","isPartOf":{"@id":"https:\/\/museoolavide.aedv.es\/en\/#website"},"primaryImageOfPage":{"@id":"https:\/\/museoolavide.aedv.es\/en\/preparation-of-the-figures\/#primaryimage"},"image":{"@id":"https:\/\/museoolavide.aedv.es\/en\/preparation-of-the-figures\/#primaryimage"},"thumbnailUrl":"https:\/\/museoolavide.aedv.es\/wp-content\/uploads\/2023\/01\/elaboracion_modelados1.jpeg","datePublished":"2023-01-08T08:57:13+00:00","dateModified":"2023-12-14T07:25:00+00:00","breadcrumb":{"@id":"https:\/\/museoolavide.aedv.es\/en\/preparation-of-the-figures\/#breadcrumb"},"inLanguage":"en-US","potentialAction":[{"@type":"ReadAction","target":["https:\/\/museoolavide.aedv.es\/en\/preparation-of-the-figures\/"]}]},{"@type":"ImageObject","inLanguage":"en-US","@id":"https:\/\/museoolavide.aedv.es\/en\/preparation-of-the-figures\/#primaryimage","url":"https:\/\/museoolavide.aedv.es\/wp-content\/uploads\/2023\/01\/elaboracion_modelados1.jpeg","contentUrl":"https:\/\/museoolavide.aedv.es\/wp-content\/uploads\/2023\/01\/elaboracion_modelados1.jpeg"},{"@type":"BreadcrumbList","@id":"https:\/\/museoolavide.aedv.es\/en\/preparation-of-the-figures\/#breadcrumb","itemListElement":[{"@type":"ListItem","position":1,"name":"Portada","item":"https:\/\/museoolavide.aedv.es\/en\/"},{"@type":"ListItem","position":2,"name":"Preparation of the figures"}]},{"@type":"WebSite","@id":"https:\/\/museoolavide.aedv.es\/en\/#website","url":"https:\/\/museoolavide.aedv.es\/en\/","name":"Museo Olavide","description":"","potentialAction":[{"@type":"SearchAction","target":{"@type":"EntryPoint","urlTemplate":"https:\/\/museoolavide.aedv.es\/en\/?s={search_term_string}"},"query-input":{"@type":"PropertyValueSpecification","valueRequired":true,"valueName":"search_term_string"}}],"inLanguage":"en-US"}]}},"_links":{"self":[{"href":"https:\/\/museoolavide.aedv.es\/en\/wp-json\/wp\/v2\/pages\/20254","targetHints":{"allow":["GET"]}}],"collection":[{"href":"https:\/\/museoolavide.aedv.es\/en\/wp-json\/wp\/v2\/pages"}],"about":[{"href":"https:\/\/museoolavide.aedv.es\/en\/wp-json\/wp\/v2\/types\/page"}],"author":[{"embeddable":true,"href":"https:\/\/museoolavide.aedv.es\/en\/wp-json\/wp\/v2\/users\/1"}],"replies":[{"embeddable":true,"href":"https:\/\/museoolavide.aedv.es\/en\/wp-json\/wp\/v2\/comments?post=20254"}],"version-history":[{"count":7,"href":"https:\/\/museoolavide.aedv.es\/en\/wp-json\/wp\/v2\/pages\/20254\/revisions"}],"predecessor-version":[{"id":20261,"href":"https:\/\/museoolavide.aedv.es\/en\/wp-json\/wp\/v2\/pages\/20254\/revisions\/20261"}],"wp:attachment":[{"href":"https:\/\/museoolavide.aedv.es\/en\/wp-json\/wp\/v2\/media?parent=20254"}],"curies":[{"name":"wp","href":"https:\/\/api.w.org\/{rel}","templated":true}]}}